{"id":790,"date":"2016-11-28T14:27:41","date_gmt":"2016-11-28T13:27:41","guid":{"rendered":"http:\/\/themes.laborator.co\/aurum\/fashion-demo-content\/?page_id=790"},"modified":"2026-04-13T13:16:20","modified_gmt":"2026-04-13T11:16:20","slug":"home-2","status":"publish","type":"page","link":"https:\/\/oh-bowling.fr\/","title":{"rendered":"Accueil"},"content":{"rendered":"<p>[vc_row][vc_column][vc_single_image image=&#8221;2182&#8243; img_size=&#8221;full&#8221; alignment=&#8221;center&#8221;][\/vc_column][\/vc_row][vc_row css=&#8221;.vc_custom_1417431699056{padding-top: 50px !important;padding-bottom: 50px !important;}&#8221;][vc_column][laborator_heading title=&#8221;OH BOWLING ! SAINT MARCEL&#8221; sub_title=&#8221;Zone De La Grande Garenne, rue Louis Bleriot, 27950 Saint Marcel&#8221; text_align=&#8221;center&#8221; show_dash=&#8221;yes&#8221;][vc_column_text]<\/p>\n<h4 class=\"p1\" style=\"text-align: center;\"><strong>Le Oh Bowling ! de Saint Marcel r\u00e9ouvre ses portes, avec ses 14 pistes : Une nouvelle ambiance, un karaoke, son bar \u00e0 cocktails et toujours plus de jeux. Avec un \u00e9quipement haut de gamme, des jeux de lumi\u00e8re, des \u00e9crans vid\u00e9o au-dessus des 14 pistes, profitez d\u2019un spectacle rare pour un bowling.<\/strong><br \/>\n<strong>Nos pistes sont \u00e9galement accessibles aux tous petits.<\/strong><\/h4>\n<p>[\/vc_column_text][\/vc_column][\/vc_row][vc_row css=&#8221;.vc_custom_1417431813125{padding-top: 10px !important;padding-bottom: 100px !important;}&#8221;][vc_column width=&#8221;1\/3&#8243;][vc_single_image image=&#8221;2178&#8243; img_size=&#8221;full&#8221; onclick=&#8221;custom_link&#8221; link=&#8221;http:\/\/oh-bowling.fr\/index.php\/anniversaires\/&#8221;][laborator_featuretab title=&#8221;Anniversaire&#8221; type=&#8221;icon-inline&#8221; description=&#8221;Viens f\u00eater ton anniversaire au Oh Bowling ! de Saint Marcel avec nos formules exclusives, vous pouvez choisir de ne rien avoir \u00e0 faire si ce n\u2019est de vous amuser&#8230;&#8221; text_align=&#8221;center&#8221; icon=&#8221;birthday&#8221;][vc_btn title=&#8221;En savoir plus&#8221; style=&#8221;outline&#8221; shape=&#8221;square&#8221; color=&#8221;danger&#8221; size=&#8221;xs&#8221; align=&#8221;center&#8221; i_icon_fontawesome=&#8221;fas fa-angle-right&#8221; add_icon=&#8221;true&#8221; link=&#8221;url:http%3A%2F%2Foh-bowling.fr%2Findex.php%2Fanniversaires%2F|title:Anniversaires&#8221;][\/vc_column][vc_column width=&#8221;1\/3&#8243;][vc_single_image image=&#8221;2180&#8243; img_size=&#8221;full&#8221; onclick=&#8221;custom_link&#8221; link=&#8221;http:\/\/oh-bowling.fr\/index.php\/entreprises\/&#8221;][laborator_featuretab title=&#8221;Entreprises&#8221; type=&#8221;icon-inline&#8221; description=&#8221;Les formules Entreprises de Oh Bowling ! vous permettent d\u2019organiser un s\u00e9minaire une incentive, une soir\u00e9e team building&#8230;&#8221; text_align=&#8221;center&#8221; icon=&#8221;users&#8221;][vc_btn title=&#8221;En savoir plus&#8221; style=&#8221;outline&#8221; shape=&#8221;square&#8221; color=&#8221;danger&#8221; size=&#8221;xs&#8221; align=&#8221;center&#8221; i_icon_fontawesome=&#8221;fas fa-angle-right&#8221; add_icon=&#8221;true&#8221; link=&#8221;url:http%3A%2F%2Foh-bowling.fr%2Findex.php%2Fentreprises%2F|title:Anniversaires&#8221;][\/vc_column][vc_column width=&#8221;1\/3&#8243;][vc_single_image image=&#8221;2199&#8243; img_size=&#8221;full&#8221;][laborator_featuretab title=&#8221;KARAOKE&#8221; type=&#8221;icon-inline&#8221; description=&#8221;Envie de briller sous les projecteurs ? De l\u00e2cher prise entre amis, en famille ou entre coll\u00e8gues ? Notre salon karaok\u00e9 priv\u00e9 est fait pour vous !<br \/>\nAlors, pr\u00eat \u00e0 mettre l\u2019ambiance ? R\u00e9servez votre session karaok\u00e9 au OH Bowling de Saint-Marcel et faites chauffer les cordes vocales ! &#8221; text_align=&#8221;center&#8221; icon=&#8221;mic&#8221; href=&#8221;url:http%3A%2F%2Foh-bowling.fr%2Findex.php%2Frestauration%2F|title:Restauration&#8221;][vc_btn title=&#8221;En savoir plus&#8221; style=&#8221;outline&#8221; shape=&#8221;square&#8221; color=&#8221;danger&#8221; size=&#8221;xs&#8221; align=&#8221;center&#8221; i_icon_fontawesome=&#8221;fas fa-angle-right&#8221; add_icon=&#8221;true&#8221; link=&#8221;url:https%3A%2F%2Foh-bowling.fr%2Findex.php%2Fle-karaoke%2F|title:Anniversaires&#8221;][\/vc_column][\/vc_row][vc_row][vc_column][vc_separator][\/vc_column][\/vc_row][vc_row][vc_column][laborator_heading title=&#8221;Retrouvez-nous sur Instagram&#8221; sub_title=&#8221;Envoyez vos meilleures photos pour \u00eatre publi\u00e9 sur notre page&#8221; icon=&#8221;instagram&#8221; show_dash=&#8221;yes&#8221;][laborator_logo_carousel images=&#8221;1880,1881,1882,1883,1884,1885,1886,1887,1888,1889&#8243; img_size=&#8221;200&#215;200&#8243; columns=&#8221;8&#8243; show_navigation=&#8221;next_prev,pagination&#8221;][\/vc_column][\/vc_row]<\/p>\n","protected":false},"excerpt":{"rendered":"<p>[vc_row][vc_column][vc_single_image image=&#8221;2182&#8243; img_size=&#8221;full&#8221; alignment=&#8221;center&#8221;][\/vc_column][\/vc_row][vc_row css=&#8221;.vc_custom_1417431699056{padding-top: 50px !important;padding-bottom: 50px !important;}&#8221;][vc_column][laborator_heading title=&#8221;OH BOWLING ! SAINT MARCEL&#8221; sub_title=&#8221;Zone De La Grande Garenne, rue Louis Bleriot, 27950 Saint Marcel&#8221; text_align=&#8221;center&#8221; show_dash=&#8221;yes&#8221;][vc_column_text] Le Oh Bowling ! de Saint Marcel r\u00e9ouvre ses portes, avec ses 14 pistes : Une nouvelle ambiance, un karaoke, son bar \u00e0 cocktails et toujours plus de jeux. Avec un \u00e9quipement haut de gamme, des jeux de lumi\u00e8re, des \u00e9crans vid\u00e9o au-dessus des 14 pistes, profitez d\u2019un&hellip;<\/p>\n","protected":false},"author":1,"featured_media":0,"parent":0,"menu_order":0,"comment_status":"open","ping_status":"closed","template":"","meta":{"footnotes":""},"class_list":["post-790","page","type-page","status-publish","hentry"],"acf":[],"_links":{"self":[{"href":"https:\/\/oh-bowling.fr\/index.php\/wp-json\/wp\/v2\/pages\/790","targetHints":{"allow":["GET"]}}],"collection":[{"href":"https:\/\/oh-bowling.fr\/index.php\/wp-json\/wp\/v2\/pages"}],"about":[{"href":"https:\/\/oh-bowling.fr\/index.php\/wp-json\/wp\/v2\/types\/page"}],"author":[{"embeddable":true,"href":"https:\/\/oh-bowling.fr\/index.php\/wp-json\/wp\/v2\/users\/1"}],"replies":[{"embeddable":true,"href":"https:\/\/oh-bowling.fr\/index.php\/wp-json\/wp\/v2\/comments?post=790"}],"version-history":[{"count":127,"href":"https:\/\/oh-bowling.fr\/index.php\/wp-json\/wp\/v2\/pages\/790\/revisions"}],"predecessor-version":[{"id":2200,"href":"https:\/\/oh-bowling.fr\/index.php\/wp-json\/wp\/v2\/pages\/790\/revisions\/2200"}],"wp:attachment":[{"href":"https:\/\/oh-bowling.fr\/index.php\/wp-json\/wp\/v2\/media?parent=790"}],"curies":[{"name":"wp","href":"https:\/\/api.w.org\/{rel}","templated":true}]}}