{"id":2194,"date":"2026-04-13T12:47:05","date_gmt":"2026-04-13T10:47:05","guid":{"rendered":"https:\/\/oh-bowling.fr\/?page_id=2194"},"modified":"2026-04-13T13:18:43","modified_gmt":"2026-04-13T11:18:43","slug":"le-karaoke","status":"publish","type":"page","link":"https:\/\/oh-bowling.fr\/index.php\/le-karaoke\/","title":{"rendered":"Le Karaoke"},"content":{"rendered":"<p>[vc_row][vc_column][laborator_heading title=&#8221;Le salon Karaoke Oh Bowling&#8221; text_align=&#8221;center&#8221; show_dash=&#8221;yes&#8221;][vc_single_image image=&#8221;2195&#8243; img_size=&#8221;1366&#215;900&#8243; alignment=&#8221;center&#8221;][\/vc_column][\/vc_row][vc_row][vc_column][vc_column_text]<span class=\"font-semibold\" data-streamdown=\"strong\">Bienvenue au Salon Karaok\u00e9 du OH Bowling Saint-Marcel !<\/span><\/p>\n<p>Envie de briller sous les projecteurs ? De l\u00e2cher prise entre amis, en famille ou entre coll\u00e8gues ? Notre <span class=\"font-semibold\" data-streamdown=\"strong\">salon karaok\u00e9 priv\u00e9<\/span> est fait pour vous !<\/p>\n<p>Avec <span class=\"font-semibold\" data-streamdown=\"strong\">plus de 93 000 titres<\/span> \u00e0 votre disposition \u2014 des classiques ind\u00e9modables aux derniers hits \u2014 pr\u00e9parez-vous \u00e0 vivre <span class=\"font-semibold\" data-streamdown=\"strong\">une soir\u00e9e 100 % fou rire, musique et bonne humeur<\/span>.<\/p>\n<p>Installez-vous dans un espace confortable, micro en main, et laissez la star qui sommeille en vous prendre le contr\u00f4le !<\/p>\n<p>Que vous soyez chanteur du dimanche ou vrai showman, ici, <span class=\"font-semibold\" data-streamdown=\"strong\">tout le monde a sa chance<\/span>. En solo, en duo ou en groupe, venez tenter le refrain parfait et cr\u00e9er des souvenirs m\u00e9morables.<\/p>\n<p><span class=\"font-semibold\" data-streamdown=\"strong\">Alors, pr\u00eat \u00e0 mettre l\u2019ambiance ?<\/span> R\u00e9servez votre session karaok\u00e9 au OH Bowling de Saint-Marcel et faites chauffer les cordes vocales ![\/vc_column_text][vc_empty_space][vc_btn title=&#8221;R\u00e9servez votre cession en ligne&#8221; color=&#8221;violet&#8221; size=&#8221;lg&#8221; align=&#8221;center&#8221; link=&#8221;url:https%3A%2F%2Fwww.ibookit.fr%2Fcommande%2Fcommande.php%3Fid_site%3D16%26id_activite%3D1%26cle_commande%3DpH6kqLMy8F|target:_blank&#8221;][\/vc_column][\/vc_row]<\/p>\n","protected":false},"excerpt":{"rendered":"<p>[vc_row][vc_column][laborator_heading title=&#8221;Le salon Karaoke Oh Bowling&#8221; text_align=&#8221;center&#8221; show_dash=&#8221;yes&#8221;][vc_single_image image=&#8221;2195&#8243; img_size=&#8221;1366&#215;900&#8243; alignment=&#8221;center&#8221;][\/vc_column][\/vc_row][vc_row][vc_column][vc_column_text]Bienvenue au Salon Karaok\u00e9 du OH Bowling Saint-Marcel ! Envie de briller sous les projecteurs ? De l\u00e2cher prise entre amis, en famille ou entre coll\u00e8gues ? Notre salon karaok\u00e9 priv\u00e9 est fait pour vous ! Avec plus de 93 000 titres \u00e0 votre disposition \u2014 des classiques ind\u00e9modables aux derniers hits \u2014 pr\u00e9parez-vous \u00e0 vivre une soir\u00e9e 100 % fou rire, musique et bonne&hellip;<\/p>\n","protected":false},"author":1,"featured_media":0,"parent":0,"menu_order":0,"comment_status":"closed","ping_status":"closed","template":"","meta":{"footnotes":""},"class_list":["post-2194","page","type-page","status-publish","hentry"],"acf":[],"_links":{"self":[{"href":"https:\/\/oh-bowling.fr\/index.php\/wp-json\/wp\/v2\/pages\/2194","targetHints":{"allow":["GET"]}}],"collection":[{"href":"https:\/\/oh-bowling.fr\/index.php\/wp-json\/wp\/v2\/pages"}],"about":[{"href":"https:\/\/oh-bowling.fr\/index.php\/wp-json\/wp\/v2\/types\/page"}],"author":[{"embeddable":true,"href":"https:\/\/oh-bowling.fr\/index.php\/wp-json\/wp\/v2\/users\/1"}],"replies":[{"embeddable":true,"href":"https:\/\/oh-bowling.fr\/index.php\/wp-json\/wp\/v2\/comments?post=2194"}],"version-history":[{"count":3,"href":"https:\/\/oh-bowling.fr\/index.php\/wp-json\/wp\/v2\/pages\/2194\/revisions"}],"predecessor-version":[{"id":2201,"href":"https:\/\/oh-bowling.fr\/index.php\/wp-json\/wp\/v2\/pages\/2194\/revisions\/2201"}],"wp:attachment":[{"href":"https:\/\/oh-bowling.fr\/index.php\/wp-json\/wp\/v2\/media?parent=2194"}],"curies":[{"name":"wp","href":"https:\/\/api.w.org\/{rel}","templated":true}]}}