{"id":2118,"date":"2023-02-01T11:40:32","date_gmt":"2023-02-01T10:40:32","guid":{"rendered":"https:\/\/oh-bowling.fr\/?page_id=2118"},"modified":"2026-02-25T15:23:03","modified_gmt":"2026-02-25T14:23:03","slug":"nosbonsplans-2","status":"publish","type":"page","link":"https:\/\/oh-bowling.fr\/index.php\/nosbonsplans-2\/","title":{"rendered":"Nos bons plans"},"content":{"rendered":"<p>[vc_row][vc_column][vc_single_image image=&#8221;2186&#8243; img_size=&#8221;1366&#215;900&#8243; alignment=&#8221;center&#8221;][\/vc_column][\/vc_row][vc_row][vc_column][laborator_heading title=&#8221;Les bons plans Oh Bowling&#8221; text_align=&#8221;center&#8221; show_dash=&#8221;yes&#8221;][vc_column_text]<\/p>\n<p class=\"p1\" style=\"text-align: center;\">Tous les jours c&#8217;est un bon plan d&#8217;aller s&#8217;amuser au bowling de Saint Marcel. Cadeau, partie gratuite ou illimit\u00e9, on en fera toujours plus pour vous faire plaisir.<\/p>\n<p>[\/vc_column_text][vc_empty_space][\/vc_column][\/vc_row][vc_row][vc_column width=&#8221;1\/3&#8243;][laborator_heading title=&#8221;Unlimited Bowl&#8221; sub_title=&#8221;Tous les lundis c&#8217;est illimit\u00e9&#8221; text_align=&#8221;center&#8221;][vc_single_image image=&#8221;2188&#8243; img_size=&#8221;full&#8221;][vc_column_text]<\/p>\n<ul class=\"font_7\">\n<li>\n<p class=\"font_7\">Unlimited Bowl tous les lundis<\/p>\n<\/li>\n<li><span class=\"color_24\">Jouez en illimit\u00e9<\/span><\/li>\n<li>\n<p class=\"font_7\"><span class=\"color_24\">Uniquement valable hors vacances scolaire et jours f\u00e9ri\u00e9s<\/span><\/p>\n<\/li>\n<\/ul>\n<p>[\/vc_column_text][vc_btn title=&#8221;R\u00e9server&#8221; style=&#8221;outline&#8221; shape=&#8221;square&#8221; color=&#8221;danger&#8221; i_icon_fontawesome=&#8221;fas fa-angle-right&#8221; add_icon=&#8221;true&#8221; link=&#8221;url:https%3A%2F%2Fwww.ibookit.fr%2Fclient%2F01-formules.php%3Fid_site%3D16%26id_activite%3D1%26cle_commande%3DpH6kqLMy8F|title:Demande%20de%20r%C3%A9servation|target:_blank&#8221;][\/vc_column][vc_column width=&#8221;1\/3&#8243;][laborator_heading title=&#8221;Extra Bowl&#8221; sub_title=&#8221;Tous les mardis et Jeudis&#8221; text_align=&#8221;center&#8221;][vc_single_image image=&#8221;2176&#8243; img_size=&#8221;full&#8221; onclick=&#8221;custom_link&#8221; link=&#8221;https:\/\/fr.freepik.com\/photos-gratuite\/faites-force-legere-jeunes-amis-joyeux-s-amusent-au-club-bowling-week-end_9820484.htm&#8221;][vc_column_text]<\/p>\n<ul class=\"font_7\">\n<li>\n<p class=\"font_7\">Extra Bowl Tous les mardis et Jeudis<\/p>\n<\/li>\n<li>2 parties achet\u00e9es, la troisi\u00e8me offerte<\/li>\n<li>\n<p class=\"font_7\"><span class=\"color_24\">Uniquement valable hors vacances scolaires et jours f\u00e9ri\u00e9s<\/span><\/p>\n<\/li>\n<\/ul>\n<p>[\/vc_column_text][vc_btn title=&#8221;R\u00e9server&#8221; style=&#8221;outline&#8221; shape=&#8221;square&#8221; color=&#8221;danger&#8221; i_icon_fontawesome=&#8221;fas fa-angle-right&#8221; add_icon=&#8221;true&#8221; link=&#8221;url:https%3A%2F%2Fwww.ibookit.fr%2Fclient%2F01-formules.php%3Fid_site%3D16%26id_activite%3D1%26cle_commande%3DpH6kqLMy8F|title:Demande%20de%20r%C3%A9servation|target:_blank&#8221;][\/vc_column][\/vc_row]<\/p>\n","protected":false},"excerpt":{"rendered":"<p>[vc_row][vc_column][vc_single_image image=&#8221;2186&#8243; img_size=&#8221;1366&#215;900&#8243; alignment=&#8221;center&#8221;][\/vc_column][\/vc_row][vc_row][vc_column][laborator_heading title=&#8221;Les bons plans Oh Bowling&#8221; text_align=&#8221;center&#8221; show_dash=&#8221;yes&#8221;][vc_column_text] Tous les jours c&#8217;est un bon plan d&#8217;aller s&#8217;amuser au bowling de Saint Marcel. Cadeau, partie gratuite ou illimit\u00e9, on en fera toujours plus pour vous faire plaisir. [\/vc_column_text][vc_empty_space][\/vc_column][\/vc_row][vc_row][vc_column width=&#8221;1\/3&#8243;][laborator_heading title=&#8221;Unlimited Bowl&#8221; sub_title=&#8221;Tous les lundis c&#8217;est illimit\u00e9&#8221; text_align=&#8221;center&#8221;][vc_single_image image=&#8221;2188&#8243; img_size=&#8221;full&#8221;][vc_column_text] Unlimited Bowl tous les lundis Jouez en illimit\u00e9 Uniquement valable hors vacances scolaire et jours f\u00e9ri\u00e9s [\/vc_column_text][vc_btn title=&#8221;R\u00e9server&#8221; style=&#8221;outline&#8221; shape=&#8221;square&#8221; color=&#8221;danger&#8221; i_icon_fontawesome=&#8221;fas fa-angle-right&#8221; add_icon=&#8221;true&#8221;&hellip;<\/p>\n","protected":false},"author":1,"featured_media":0,"parent":0,"menu_order":0,"comment_status":"closed","ping_status":"closed","template":"","meta":{"footnotes":""},"class_list":["post-2118","page","type-page","status-publish","hentry"],"acf":[],"_links":{"self":[{"href":"https:\/\/oh-bowling.fr\/index.php\/wp-json\/wp\/v2\/pages\/2118","targetHints":{"allow":["GET"]}}],"collection":[{"href":"https:\/\/oh-bowling.fr\/index.php\/wp-json\/wp\/v2\/pages"}],"about":[{"href":"https:\/\/oh-bowling.fr\/index.php\/wp-json\/wp\/v2\/types\/page"}],"author":[{"embeddable":true,"href":"https:\/\/oh-bowling.fr\/index.php\/wp-json\/wp\/v2\/users\/1"}],"replies":[{"embeddable":true,"href":"https:\/\/oh-bowling.fr\/index.php\/wp-json\/wp\/v2\/comments?post=2118"}],"version-history":[{"count":16,"href":"https:\/\/oh-bowling.fr\/index.php\/wp-json\/wp\/v2\/pages\/2118\/revisions"}],"predecessor-version":[{"id":2189,"href":"https:\/\/oh-bowling.fr\/index.php\/wp-json\/wp\/v2\/pages\/2118\/revisions\/2189"}],"wp:attachment":[{"href":"https:\/\/oh-bowling.fr\/index.php\/wp-json\/wp\/v2\/media?parent=2118"}],"curies":[{"name":"wp","href":"https:\/\/api.w.org\/{rel}","templated":true}]}}