{"id":1813,"date":"2022-08-30T17:36:16","date_gmt":"2022-08-30T15:36:16","guid":{"rendered":"http:\/\/oh-bowling.fr\/?page_id=1813"},"modified":"2022-10-05T10:09:02","modified_gmt":"2022-10-05T08:09:02","slug":"entreprises","status":"publish","type":"page","link":"https:\/\/oh-bowling.fr\/index.php\/entreprises\/","title":{"rendered":"Entreprises"},"content":{"rendered":"<p>[vc_row][vc_column][vc_single_image image=&#8221;1960&#8243; img_size=&#8221;1366&#215;600&#8243; alignment=&#8221;center&#8221;][\/vc_column][\/vc_row][vc_row][vc_column][laborator_heading title=&#8221;Entreprises&#8221; sub_title=&#8221;VOTRE \u00c9V\u00c8NEMENT ENTREPRISE OH BOWLING AVEC 2 FORMULES AU CHOIX !&#8221; text_align=&#8221;center&#8221; show_dash=&#8221;yes&#8221;][vc_column_text]<\/p>\n<h5 class=\"p1\">DES FORMULES TOUTES PR\u00caTES&#8230;<\/h5>\n<p class=\"p1\">Les formules Entreprises de <strong>Oh Bowling !<\/strong> vous permettent d\u2019organiser un s\u00e9minaire une incentive, une soir\u00e9e team building pour la coh\u00e9sion de vos \u00e9quipes ou tout simplement pour faire la f\u00eate entre coll\u00e8gues. Nos formules toutes pr\u00eates sont compos\u00e9es de sessions de parties et d\u2019un buffet. Le repas se d\u00e9roule sur place dans notre espace privatis\u00e9. Choisissez une formule packag\u00e9e ou demandez-nous un devis pour une prestation \u00ab sur mesure \u00bb ci-dessous.<br \/>\nA vous de jouer !<\/p>\n<p>[\/vc_column_text][vc_text_separator title=&#8221;SUR-MESURE&#8221;][\/vc_column][\/vc_row][vc_row][vc_column width=&#8221;1\/2&#8243;][vc_column_text]<\/p>\n<p class=\"p1\">OH bowling, nous proposons aussi des prestations \u00e0 la carte et sur-mesure pour r\u00e9pondre pr\u00e9cis\u00e9ment \u00e0 vos besoins pour vos s\u00e9minaires, incentives et soir\u00e9es d\u2019entreprise.<\/p>\n<p class=\"p1\">Retrouvez ci-dessous la liste des prestations que nous proposons :<\/p>\n<p class=\"p1\"><strong>LES ACTIVITES<\/strong><br \/>\nacc\u00e8s non privatis\u00e9 ou Privatisation totale d&#8217; <strong>Oh Bowling !<\/strong> pendant un certain nombre d&#8217;heures<\/p>\n<p class=\"p1\" style=\"text-align: left;\"><strong>LES OPTIONS<\/strong><\/p>\n<ul>\n<li>Salle de r\u00e9union (30 pers. max)<\/li>\n<li>Karaok\u00e9<\/li>\n<li>Jeux d\u2019arcades en illimit\u00e9 ( billards, arcades \u2026)<\/li>\n<\/ul>\n<p>[\/vc_column_text][\/vc_column][vc_column width=&#8221;1\/2&#8243;][vc_column_text]<\/p>\n<p class=\"p1\"><strong>PRIVATISATION D\u2019 OH BOWLING !<br \/>\n<\/strong>Si vous souhaitez la privatisation totale d\u2019 <strong>Oh Bowling !<\/strong>, celle-ci commence \u00e0 partir de 14h et vous pouvez privatiser le nombre d&#8217;heure de votre choix. Le lieu est enti\u00e8rement \u00e0 votre disposition et vous pouvez vous amuser en illimit\u00e9 ! Le karaok\u00e9 est \u00e9galement disponible, ainsi que des bornes d\u2019arcades payantes.<\/p>\n<p class=\"p1\"><strong>LA RESTAURATION<\/strong><\/p>\n<p>Mise \u00e0 disposition de la salle (restauration assur\u00e9e par vos soins)<br \/>\nOu Buffet traiteur ;<br \/>\nOu Pizza Party ! + Softs<br \/>\nAp\u00e9ritif (Champagne + petits fours)<br \/>\nPetit-d\u00e9jeuner (boissons chaudes, jus de fruits, viennoiseries et g\u00e2teaux)[\/vc_column_text][\/vc_column][\/vc_row][vc_row][vc_column][vc_btn title=&#8221;Demande d&#8217;informations&#8221; style=&#8221;outline&#8221; shape=&#8221;square&#8221; color=&#8221;danger&#8221; align=&#8221;center&#8221; i_icon_fontawesome=&#8221;fas fa-angle-right&#8221; add_icon=&#8221;true&#8221; link=&#8221;url:https%3A%2F%2Foh-bowling.fr%2Findex.php%2Fdemande-informations%2F|title:Demande%20de%20r%C3%A9servation&#8221;][vc_empty_space][\/vc_column][\/vc_row][vc_row][vc_column][vc_text_separator title=&#8221;LES FORMULES PACKAGEES&#8221;][\/vc_column][\/vc_row][vc_row][vc_column width=&#8221;1\/2&#8243;][laborator_heading title=&#8221;FORMULE SPARE&#8221;][vc_single_image image=&#8221;1944&#8243; img_size=&#8221;full&#8221;][vc_column_text]La formule sans soucis, vous jouez et mangez, nous nous occupons du reste.<br \/>\nAmbiance et convivialit\u00e9 garanties &#8230;<\/p>\n<ul>\n<li class=\"p1\">20 \u00e0 30 pers. :\u00a0500\u20ac + 39\u20ac\u00a0\/ pers.<\/li>\n<li class=\"p1\">31 \u00e0 60 pers. :\u00a0980\u20ac + 39\u20ac\u00a0\/ pers.<\/li>\n<li class=\"p1\">\u00e0 partir de 20 personnes<\/li>\n<li class=\"p1\">3 Parties par personne<\/li>\n<li class=\"p1\">Buffet traiteur* sur place<\/li>\n<\/ul>\n<p>[\/vc_column_text][vc_btn title=&#8221;Demande d&#8217;informations&#8221; style=&#8221;outline&#8221; shape=&#8221;square&#8221; color=&#8221;danger&#8221; align=&#8221;left&#8221; i_icon_fontawesome=&#8221;fas fa-angle-right&#8221; add_icon=&#8221;true&#8221; link=&#8221;url:https%3A%2F%2Foh-bowling.fr%2Findex.php%2Fdemande-informations%2F|title:Demande%20de%20r%C3%A9servation&#8221;][\/vc_column][vc_column width=&#8221;1\/2&#8243;][laborator_heading title=&#8221;FORMULE STRIKE&#8221;][vc_single_image image=&#8221;1943&#8243; img_size=&#8221;full&#8221;][vc_column_text]<\/p>\n<p class=\"p1\">Privatisation totale du bowling de 14h00 \u00e0 01h00<br \/>\nBowling \u00e0 volont\u00e9 et buffet sur place<\/p>\n<p class=\"p1\">540\u20ac\/heure + 39\u20ac\u00a0\/ pers.<br \/>\n(jusqu&#8217;\u00e0 90 pers.au del\u00e0 nous consulter)<\/p>\n<p class=\"p1\">Le buffet traiteur est constitu\u00e9 de salades compos\u00e9es, salades de p\u00e2tes, crudit\u00e9s, jambon de pays, plateaux de charcuterie, pommes de terre campagnardes, mezzes m\u00e9diterran\u00e9ens, plateau de fromages, mignardises, open bar Soft, vins (Muscadet &amp; Brouilly), pains.<\/p>\n<p>[\/vc_column_text][vc_btn title=&#8221;Demande d&#8217;informations&#8221; style=&#8221;outline&#8221; shape=&#8221;square&#8221; color=&#8221;danger&#8221; align=&#8221;left&#8221; i_icon_fontawesome=&#8221;fas fa-angle-right&#8221; add_icon=&#8221;true&#8221; link=&#8221;url:https%3A%2F%2Foh-bowling.fr%2Findex.php%2Fdemande-informations%2F|title:Demande%20de%20r%C3%A9servation&#8221;][\/vc_column][vc_column][\/vc_column][\/vc_row]<\/p>\n","protected":false},"excerpt":{"rendered":"<p>[vc_row][vc_column][vc_single_image image=&#8221;1960&#8243; img_size=&#8221;1366&#215;600&#8243; alignment=&#8221;center&#8221;][\/vc_column][\/vc_row][vc_row][vc_column][laborator_heading title=&#8221;Entreprises&#8221; sub_title=&#8221;VOTRE \u00c9V\u00c8NEMENT ENTREPRISE OH BOWLING AVEC 2 FORMULES AU CHOIX !&#8221; text_align=&#8221;center&#8221; show_dash=&#8221;yes&#8221;][vc_column_text] DES FORMULES TOUTES PR\u00caTES&#8230; Les formules Entreprises de Oh Bowling ! vous permettent d\u2019organiser un s\u00e9minaire une incentive, une soir\u00e9e team building pour la coh\u00e9sion de vos \u00e9quipes ou tout simplement pour faire la f\u00eate entre coll\u00e8gues. Nos formules toutes pr\u00eates sont compos\u00e9es de sessions de parties et d\u2019un buffet. Le repas se d\u00e9roule sur place dans&hellip;<\/p>\n","protected":false},"author":1,"featured_media":0,"parent":0,"menu_order":0,"comment_status":"closed","ping_status":"closed","template":"","meta":{"footnotes":""},"class_list":["post-1813","page","type-page","status-publish","hentry"],"acf":[],"_links":{"self":[{"href":"https:\/\/oh-bowling.fr\/index.php\/wp-json\/wp\/v2\/pages\/1813","targetHints":{"allow":["GET"]}}],"collection":[{"href":"https:\/\/oh-bowling.fr\/index.php\/wp-json\/wp\/v2\/pages"}],"about":[{"href":"https:\/\/oh-bowling.fr\/index.php\/wp-json\/wp\/v2\/types\/page"}],"author":[{"embeddable":true,"href":"https:\/\/oh-bowling.fr\/index.php\/wp-json\/wp\/v2\/users\/1"}],"replies":[{"embeddable":true,"href":"https:\/\/oh-bowling.fr\/index.php\/wp-json\/wp\/v2\/comments?post=1813"}],"version-history":[{"count":25,"href":"https:\/\/oh-bowling.fr\/index.php\/wp-json\/wp\/v2\/pages\/1813\/revisions"}],"predecessor-version":[{"id":2092,"href":"https:\/\/oh-bowling.fr\/index.php\/wp-json\/wp\/v2\/pages\/1813\/revisions\/2092"}],"wp:attachment":[{"href":"https:\/\/oh-bowling.fr\/index.php\/wp-json\/wp\/v2\/media?parent=1813"}],"curies":[{"name":"wp","href":"https:\/\/api.w.org\/{rel}","templated":true}]}}